{"id":10226,"date":"2025-08-29T21:43:25","date_gmt":"2025-08-29T21:43:25","guid":{"rendered":"https:\/\/ceneg.com.mx\/mi-cuenta\/"},"modified":"2025-09-01T02:58:11","modified_gmt":"2025-09-01T02:58:11","slug":"mi-cuenta","status":"publish","type":"page","link":"https:\/\/ceneg.com.mx\/en\/mi-cuenta\/","title":{"rendered":"Mi cuenta"},"content":{"rendered":"\t\t<div data-elementor-type=\"wp-page\" data-elementor-id=\"10226\" class=\"elementor elementor-10226\" data-elementor-post-type=\"page\">\n\t\t\t\t<div class=\"elementor-element elementor-element-95c0f7d e-flex e-con-boxed e-con e-parent\" data-id=\"95c0f7d\" data-element_type=\"container\" data-e-type=\"container\" data-settings=\"{&quot;background_background&quot;:&quot;classic&quot;,&quot;background_motion_fx_motion_fx_scrolling&quot;:&quot;yes&quot;,&quot;background_motion_fx_scale_effect&quot;:&quot;yes&quot;,&quot;background_motion_fx_scale_direction&quot;:&quot;out-in&quot;,&quot;background_motion_fx_scale_speed&quot;:{&quot;unit&quot;:&quot;px&quot;,&quot;size&quot;:4,&quot;sizes&quot;:[]},&quot;background_motion_fx_scale_range&quot;:{&quot;unit&quot;:&quot;%&quot;,&quot;size&quot;:&quot;&quot;,&quot;sizes&quot;:{&quot;start&quot;:20,&quot;end&quot;:80}},&quot;background_motion_fx_devices&quot;:[&quot;desktop&quot;,&quot;laptop&quot;,&quot;tablet&quot;,&quot;mobile&quot;],&quot;ekit_has_onepagescroll_dot&quot;:&quot;yes&quot;}\">\n\t\t\t\t\t<div class=\"e-con-inner\">\n\t\t\t\t<div class=\"elementor-element elementor-element-be5a9f0 elementor-widget elementor-widget-heading\" data-id=\"be5a9f0\" data-element_type=\"widget\" data-e-type=\"widget\" data-settings=\"{&quot;ekit_we_effect_on&quot;:&quot;none&quot;}\" data-widget_type=\"heading.default\">\n\t\t\t\t<div class=\"elementor-widget-container\">\n\t\t\t\t\t<h2 class=\"elementor-heading-title elementor-size-default\">Mi Cuenta<\/h2>\t\t\t\t<\/div>\n\t\t\t\t<\/div>\n\t\t\t\t\t<\/div>\n\t\t\t\t<\/div>\n\t\t<div class=\"elementor-element elementor-element-11f7e7e e-flex e-con-boxed e-con e-parent\" data-id=\"11f7e7e\" data-element_type=\"container\" data-e-type=\"container\" data-settings=\"{&quot;ekit_has_onepagescroll_dot&quot;:&quot;yes&quot;}\">\n\t\t\t\t\t<div class=\"e-con-inner\">\n\t\t\t\t<div class=\"elementor-element elementor-element-beec984 e-my-account-tabs-vertical elementor-widget elementor-widget-woocommerce-my-account\" data-id=\"beec984\" data-element_type=\"widget\" data-e-type=\"widget\" data-settings=\"{&quot;ekit_we_effect_on&quot;:&quot;none&quot;}\" data-widget_type=\"woocommerce-my-account.default\">\n\t\t\t\t<div class=\"elementor-widget-container\">\n\t\t\t\t\t<div class=\"e-my-account-tab e-my-account-tab__ \">\t\t\t<div class=\"woocommerce\"><\/div>\t\t<\/div>\n\t\t\t\t\t\t<\/div>\n\t\t\t\t<\/div>\n\t\t\t\t\t<\/div>\n\t\t\t\t<\/div>\n\t\t\t\t<\/div>\n\t\t","protected":false},"excerpt":{"rendered":"<p>Mi Cuenta Escritorio Ordenes Descargas Direcciones Detalles de la Cuenta Salir Hola Victor UX UI (\u00bfno eres Victor UX UI? Cerrar sesi\u00f3n) Desde el escritorio de tu cuenta puedes ver tus pedidos recientes, gestionar tus direcciones de env\u00edo y facturaci\u00f3n y editar tu contrase\u00f1a y los detalles de tu cuenta.<\/p>","protected":false},"author":1,"featured_media":0,"parent":0,"menu_order":0,"comment_status":"closed","ping_status":"closed","template":"elementor_header_footer","meta":{"_joinchat":[],"footnotes":""},"class_list":["post-10226","page","type-page","status-publish","hentry"],"yoast_head":"<!-- This site is optimized with the Yoast SEO plugin v27.2 - https:\/\/yoast.com\/product\/yoast-seo-wordpress\/ -->\n<title>Mi cuenta - CENEG - Central de Enfermer\u00eda del Estado de Guanajuato<\/title>\n<meta name=\"robots\" content=\"index, follow, max-snippet:-1, max-image-preview:large, max-video-preview:-1\" \/>\n<link rel=\"canonical\" href=\"https:\/\/ceneg.com.mx\/en\/mi-cuenta\/\" \/>\n<meta property=\"og:locale\" content=\"en_US\" \/>\n<meta property=\"og:type\" content=\"article\" \/>\n<meta property=\"og:title\" content=\"Mi cuenta - CENEG - Central de Enfermer\u00eda del Estado de Guanajuato\" \/>\n<meta property=\"og:description\" content=\"Mi Cuenta Escritorio Ordenes Descargas Direcciones Detalles de la Cuenta Salir Hola Victor UX UI (\u00bfno eres Victor UX UI? Cerrar sesi\u00f3n) Desde el escritorio de tu cuenta puedes ver tus pedidos recientes, gestionar tus direcciones de env\u00edo y facturaci\u00f3n y editar tu contrase\u00f1a y los detalles de tu cuenta.\" \/>\n<meta property=\"og:url\" content=\"https:\/\/ceneg.com.mx\/en\/mi-cuenta\/\" \/>\n<meta property=\"og:site_name\" content=\"CENEG - Central de Enfermer\u00eda del Estado de Guanajuato\" \/>\n<meta property=\"article:publisher\" content=\"https:\/\/www.facebook.com\/central.enfermeria.estado.guanajuato?rdid=wN1odlC6Rv6M6tlX&amp;share_url=httpswww.facebook.comshare1C84FDGgqG#\" \/>\n<meta property=\"article:modified_time\" content=\"2025-09-01T02:58:11+00:00\" \/>\n<meta property=\"og:image\" content=\"https:\/\/ceneg.com.mx\/wp-content\/uploads\/2026\/01\/preview-web.png\" \/>\n\t<meta property=\"og:image:width\" content=\"500\" \/>\n\t<meta property=\"og:image:height\" content=\"300\" \/>\n\t<meta property=\"og:image:type\" content=\"image\/png\" \/>\n<meta name=\"twitter:card\" content=\"summary_large_image\" \/>\n<script type=\"application\/ld+json\" class=\"yoast-schema-graph\">{\"@context\":\"https:\/\/schema.org\",\"@graph\":[{\"@type\":\"WebPage\",\"@id\":\"https:\/\/ceneg.com.mx\/mi-cuenta\/\",\"url\":\"https:\/\/ceneg.com.mx\/mi-cuenta\/\",\"name\":\"Mi cuenta - CENEG - Central de Enfermer\u00eda del Estado de Guanajuato\",\"isPartOf\":{\"@id\":\"https:\/\/ceneg.com.mx\/#website\"},\"datePublished\":\"2025-08-29T21:43:25+00:00\",\"dateModified\":\"2025-09-01T02:58:11+00:00\",\"breadcrumb\":{\"@id\":\"https:\/\/ceneg.com.mx\/mi-cuenta\/#breadcrumb\"},\"inLanguage\":\"en-US\",\"potentialAction\":[{\"@type\":\"ReadAction\",\"target\":[\"https:\/\/ceneg.com.mx\/mi-cuenta\/\"]}]},{\"@type\":\"BreadcrumbList\",\"@id\":\"https:\/\/ceneg.com.mx\/mi-cuenta\/#breadcrumb\",\"itemListElement\":[{\"@type\":\"ListItem\",\"position\":1,\"name\":\"Portada\",\"item\":\"https:\/\/ceneg.com.mx\/\"},{\"@type\":\"ListItem\",\"position\":2,\"name\":\"Mi cuenta\"}]},{\"@type\":\"WebSite\",\"@id\":\"https:\/\/ceneg.com.mx\/#website\",\"url\":\"https:\/\/ceneg.com.mx\/\",\"name\":\"CENEG - Central de Enfermer\u00eda del Estado de Guanajuato\",\"description\":\"Somos una empresa dedicada a proporcionar servicios profesionales de atenci\u00f3n m\u00e9dica integral.\",\"publisher\":{\"@id\":\"https:\/\/ceneg.com.mx\/#organization\"},\"potentialAction\":[{\"@type\":\"SearchAction\",\"target\":{\"@type\":\"EntryPoint\",\"urlTemplate\":\"https:\/\/ceneg.com.mx\/?s={search_term_string}\"},\"query-input\":{\"@type\":\"PropertyValueSpecification\",\"valueRequired\":true,\"valueName\":\"search_term_string\"}}],\"inLanguage\":\"en-US\"},{\"@type\":\"Organization\",\"@id\":\"https:\/\/ceneg.com.mx\/#organization\",\"name\":\"CENEG - Central de Enfermer\u00eda del Estado de Guanajuato\",\"url\":\"https:\/\/ceneg.com.mx\/\",\"logo\":{\"@type\":\"ImageObject\",\"inLanguage\":\"en-US\",\"@id\":\"https:\/\/ceneg.com.mx\/#\/schema\/logo\/image\/\",\"url\":\"https:\/\/ceneg.com.mx\/wp-content\/uploads\/2025\/08\/logo-c.svg\",\"contentUrl\":\"https:\/\/ceneg.com.mx\/wp-content\/uploads\/2025\/08\/logo-c.svg\",\"width\":200,\"height\":70,\"caption\":\"CENEG - Central de Enfermer\u00eda del Estado de Guanajuato\"},\"image\":{\"@id\":\"https:\/\/ceneg.com.mx\/#\/schema\/logo\/image\/\"},\"sameAs\":[\"https:\/\/www.facebook.com\/central.enfermeria.estado.guanajuato?rdid=wN1odlC6Rv6M6tlX&share_url=httpswww.facebook.comshare1C84FDGgqG#\",\"https:\/\/www.instagram.com\/ceneg_2014\"]}]}<\/script>\n<!-- \/ Yoast SEO plugin. -->","yoast_head_json":{"title":"Mi cuenta - CENEG - Central de Enfermer\u00eda del Estado de Guanajuato","robots":{"index":"index","follow":"follow","max-snippet":"max-snippet:-1","max-image-preview":"max-image-preview:large","max-video-preview":"max-video-preview:-1"},"canonical":"https:\/\/ceneg.com.mx\/en\/mi-cuenta\/","og_locale":"en_US","og_type":"article","og_title":"Mi cuenta - CENEG - Central de Enfermer\u00eda del Estado de Guanajuato","og_description":"Mi Cuenta Escritorio Ordenes Descargas Direcciones Detalles de la Cuenta Salir Hola Victor UX UI (\u00bfno eres Victor UX UI? Cerrar sesi\u00f3n) Desde el escritorio de tu cuenta puedes ver tus pedidos recientes, gestionar tus direcciones de env\u00edo y facturaci\u00f3n y editar tu contrase\u00f1a y los detalles de tu cuenta.","og_url":"https:\/\/ceneg.com.mx\/en\/mi-cuenta\/","og_site_name":"CENEG - Central de Enfermer\u00eda del Estado de Guanajuato","article_publisher":"https:\/\/www.facebook.com\/central.enfermeria.estado.guanajuato?rdid=wN1odlC6Rv6M6tlX&share_url=httpswww.facebook.comshare1C84FDGgqG#","article_modified_time":"2025-09-01T02:58:11+00:00","og_image":[{"width":500,"height":300,"url":"https:\/\/ceneg.com.mx\/wp-content\/uploads\/2026\/01\/preview-web.png","type":"image\/png"}],"twitter_card":"summary_large_image","schema":{"@context":"https:\/\/schema.org","@graph":[{"@type":"WebPage","@id":"https:\/\/ceneg.com.mx\/mi-cuenta\/","url":"https:\/\/ceneg.com.mx\/mi-cuenta\/","name":"Mi cuenta - CENEG - Central de Enfermer\u00eda del Estado de Guanajuato","isPartOf":{"@id":"https:\/\/ceneg.com.mx\/#website"},"datePublished":"2025-08-29T21:43:25+00:00","dateModified":"2025-09-01T02:58:11+00:00","breadcrumb":{"@id":"https:\/\/ceneg.com.mx\/mi-cuenta\/#breadcrumb"},"inLanguage":"en-US","potentialAction":[{"@type":"ReadAction","target":["https:\/\/ceneg.com.mx\/mi-cuenta\/"]}]},{"@type":"BreadcrumbList","@id":"https:\/\/ceneg.com.mx\/mi-cuenta\/#breadcrumb","itemListElement":[{"@type":"ListItem","position":1,"name":"Portada","item":"https:\/\/ceneg.com.mx\/"},{"@type":"ListItem","position":2,"name":"Mi cuenta"}]},{"@type":"WebSite","@id":"https:\/\/ceneg.com.mx\/#website","url":"https:\/\/ceneg.com.mx\/","name":"CENEG \u2013 Guanajuato State Nursing Center","description":"Somos una empresa dedicada a proporcionar servicios profesionales de atenci\u00f3n m\u00e9dica integral.","publisher":{"@id":"https:\/\/ceneg.com.mx\/#organization"},"potentialAction":[{"@type":"SearchAction","target":{"@type":"EntryPoint","urlTemplate":"https:\/\/ceneg.com.mx\/?s={search_term_string}"},"query-input":{"@type":"PropertyValueSpecification","valueRequired":true,"valueName":"search_term_string"}}],"inLanguage":"en-US"},{"@type":"Organization","@id":"https:\/\/ceneg.com.mx\/#organization","name":"CENEG \u2013 Guanajuato State Nursing Center","url":"https:\/\/ceneg.com.mx\/","logo":{"@type":"ImageObject","inLanguage":"en-US","@id":"https:\/\/ceneg.com.mx\/#\/schema\/logo\/image\/","url":"https:\/\/ceneg.com.mx\/wp-content\/uploads\/2025\/08\/logo-c.svg","contentUrl":"https:\/\/ceneg.com.mx\/wp-content\/uploads\/2025\/08\/logo-c.svg","width":200,"height":70,"caption":"CENEG - Central de Enfermer\u00eda del Estado de Guanajuato"},"image":{"@id":"https:\/\/ceneg.com.mx\/#\/schema\/logo\/image\/"},"sameAs":["https:\/\/www.facebook.com\/central.enfermeria.estado.guanajuato?rdid=wN1odlC6Rv6M6tlX&share_url=httpswww.facebook.comshare1C84FDGgqG#","https:\/\/www.instagram.com\/ceneg_2014"]}]}},"_links":{"self":[{"href":"https:\/\/ceneg.com.mx\/en\/wp-json\/wp\/v2\/pages\/10226","targetHints":{"allow":["GET"]}}],"collection":[{"href":"https:\/\/ceneg.com.mx\/en\/wp-json\/wp\/v2\/pages"}],"about":[{"href":"https:\/\/ceneg.com.mx\/en\/wp-json\/wp\/v2\/types\/page"}],"author":[{"embeddable":true,"href":"https:\/\/ceneg.com.mx\/en\/wp-json\/wp\/v2\/users\/1"}],"replies":[{"embeddable":true,"href":"https:\/\/ceneg.com.mx\/en\/wp-json\/wp\/v2\/comments?post=10226"}],"version-history":[{"count":31,"href":"https:\/\/ceneg.com.mx\/en\/wp-json\/wp\/v2\/pages\/10226\/revisions"}],"predecessor-version":[{"id":11244,"href":"https:\/\/ceneg.com.mx\/en\/wp-json\/wp\/v2\/pages\/10226\/revisions\/11244"}],"wp:attachment":[{"href":"https:\/\/ceneg.com.mx\/en\/wp-json\/wp\/v2\/media?parent=10226"}],"curies":[{"name":"wp","href":"https:\/\/api.w.org\/{rel}","templated":true}]}}