{"id":10234,"date":"2025-08-29T21:51:38","date_gmt":"2025-08-29T21:51:38","guid":{"rendered":"https:\/\/ceneg.com.mx\/?post_type=product&#038;p=10234"},"modified":"2025-09-26T15:55:19","modified_gmt":"2025-09-26T15:55:19","slug":"producto","status":"publish","type":"product","link":"https:\/\/ceneg.com.mx\/en\/product\/producto\/","title":{"rendered":"Airlife Misty Max 10 Micronebulizer with T-Adapter and Water Trap"},"content":{"rendered":"","protected":false},"excerpt":{"rendered":"<p><strong style=\"font-size:22px;\">Product specifications<\/strong><\/p>\n<p><strong>Nebulization capacity<\/strong> 10 ml.<br \/>\n<strong>Brand:<\/strong> AirLife.<br \/>\n<strong>Model:<\/strong> 002435.<br \/>\n<strong>Color:<\/strong> Agua.<\/p>\n<p><strong style=\"font-size:22px;\">Regulatory filings<\/strong><\/p>\n<p><strong>COFEPRIS product registration number:<\/strong> 2658C2012 SSA.<\/p>\n<p><strong style=\"font-size:22px;\">Specifications<\/strong><\/p>\n<p><strong>Nebulization capacity<\/strong> 10 ml.<br \/>\n<strong>Nebulization rate<\/strong> 1.25 ml\/min.<\/p>\n<p><strong style=\"font-size:22px;\">Others<\/strong><\/p>\n<p><strong>Accessories included:<\/strong> 2.1m (7ft) Oxygen Tubing, Mouthpiece, T-Adapter, 15cm (6in) Flexible Corrugated Tube, and Jet (Medication Diffuser).<\/p>\n<p><strong style=\"font-size:22px;\">Facility registrations<\/strong><\/p>\n<p><strong>Sanitary notice of operation number:<\/strong> 2209095006B00006.<\/p>\n<p>The Airlife Misty Max 10 T-Adapter Micronebulizer is the ideal solution for those seeking an effective and comfortable respiratory treatment. With a 10 mL nebulization capacity and a 1.25 mL\/min nebulization rate, this device ensures precise medication delivery, promoting faster recovery and respiratory well-being.<\/p>\n<p>Designed to provide a quiet experience, the Misty Max 10 allows for treatments anytime, anywhere, without disruption. Its compact and lightweight design makes it easy to carry, making it ideal for daily use at home or while traveling.<\/p>\n<p>The nebulizer includes a 2.1m (7ft) oxygen tubing, mouthpiece, T-adapter, 15cm (6in) flexible corrugated tube, and a jet (medication diffuser), ensuring you have everything you need for an effective treatment. With this equipment, taking care of your respiratory health has never been so simple and accessible.<\/p>\n<p>No warranty.<\/p>","protected":false},"featured_media":12347,"comment_status":"open","ping_status":"closed","template":"","meta":{"_joinchat":[]},"product_brand":[],"product_cat":[38],"product_tag":[],"class_list":{"0":"post-10234","1":"product","2":"type-product","3":"status-publish","4":"has-post-thumbnail","6":"product_cat-sin-categorizar","8":"first","9":"instock","10":"shipping-taxable","11":"purchasable","12":"product-type-simple"},"yoast_head":"<!-- This site is optimized with the Yoast SEO plugin v27.2 - https:\/\/yoast.com\/product\/yoast-seo-wordpress\/ -->\n<title>Micronebulizador Misty Max 10 En T Airlife Agua - CENEG - Central de Enfermer\u00eda del Estado de Guanajuato<\/title>\n<meta name=\"robots\" content=\"index, follow, max-snippet:-1, max-image-preview:large, max-video-preview:-1\" \/>\n<link rel=\"canonical\" href=\"https:\/\/ceneg.com.mx\/en\/product\/producto\/\" \/>\n<meta property=\"og:locale\" content=\"en_US\" \/>\n<meta property=\"og:type\" content=\"article\" \/>\n<meta property=\"og:title\" content=\"Micronebulizador Misty Max 10 En T Airlife Agua - CENEG - Central de Enfermer\u00eda del Estado de Guanajuato\" \/>\n<meta property=\"og:description\" content=\"Caracter\u00edsticas generales  Capacidad de nebulizaci\u00f3n: 10 ml. Marca: AirLife. Modelo: 002435. Color: Agua.  Registros de producto  N\u00famero de registro del producto COFEPRIS: 2658C2012 SSA.  Especificaciones  Capacidad de nebulizaci\u00f3n: 10 ml. Tasa de nebulizaci\u00f3n: 1.25 ml\/min.  Otros  Accesorios incluidos: Tubo de ox\u00edgeno 2.1 m, Boquilla, Adaptador en &quot;T&quot;, Tubo corrugado flexible de 15 cm, Jet (Difusor de medicamento).  Registros de establecimiento  N\u00famero de aviso de funcionamiento: 2209095006B00006.  El Micronebulizador Misty Max 10 en &quot;T&quot; de Airlife es la soluci\u00f3n ideal para quienes buscan un tratamiento respiratorio eficaz y c\u00f3modo. Con una capacidad de nebulizaci\u00f3n de 10 mL y una tasa de nebulizaci\u00f3n de 1.25 mL\/min, este dispositivo garantiza una administraci\u00f3n precisa de medicamentos, facilitando la recuperaci\u00f3n y el bienestar respiratorio.  Dise\u00f1ado para ofrecer una experiencia silenciosa, el Misty Max 10 permite realizar tratamientos en cualquier momento y lugar sin molestias. Su dise\u00f1o compacto y ligero lo hace f\u00e1cil de transportar, ideal para el uso diario en casa o durante viajes.  El nebulizador incluye un tubo de ox\u00edgeno de 2.1 m, boquilla, adaptador en &quot;T&quot;, tubo corrugado flexible de 15 cm y un jet (difusor de medicamento), asegurando que tengas todo lo necesario para un tratamiento efectivo. Con este equipo, cuidar de tu salud respiratoria nunca ha sido tan sencillo y accesible.  Sin garant\u00eda\" \/>\n<meta property=\"og:url\" content=\"https:\/\/ceneg.com.mx\/en\/product\/producto\/\" \/>\n<meta property=\"og:site_name\" content=\"CENEG - Central de Enfermer\u00eda del Estado de Guanajuato\" \/>\n<meta property=\"article:publisher\" content=\"https:\/\/www.facebook.com\/central.enfermeria.estado.guanajuato?rdid=wN1odlC6Rv6M6tlX&amp;share_url=httpswww.facebook.comshare1C84FDGgqG#\" \/>\n<meta property=\"article:modified_time\" content=\"2025-09-26T15:55:19+00:00\" \/>\n<meta property=\"og:image\" content=\"https:\/\/ceneg.com.mx\/wp-content\/uploads\/2025\/08\/1_1.webp\" \/>\n\t<meta property=\"og:image:width\" content=\"550\" \/>\n\t<meta property=\"og:image:height\" content=\"550\" \/>\n\t<meta property=\"og:image:type\" content=\"image\/webp\" \/>\n<meta name=\"twitter:card\" content=\"summary_large_image\" \/>\n<script type=\"application\/ld+json\" class=\"yoast-schema-graph\">{\"@context\":\"https:\/\/schema.org\",\"@graph\":[{\"@type\":\"WebPage\",\"@id\":\"https:\/\/ceneg.com.mx\/producto\/producto\/\",\"url\":\"https:\/\/ceneg.com.mx\/producto\/producto\/\",\"name\":\"Micronebulizador Misty Max 10 En T Airlife Agua - CENEG - Central de Enfermer\u00eda del Estado de Guanajuato\",\"isPartOf\":{\"@id\":\"https:\/\/ceneg.com.mx\/#website\"},\"primaryImageOfPage\":{\"@id\":\"https:\/\/ceneg.com.mx\/producto\/producto\/#primaryimage\"},\"image\":{\"@id\":\"https:\/\/ceneg.com.mx\/producto\/producto\/#primaryimage\"},\"thumbnailUrl\":\"https:\/\/ceneg.com.mx\/wp-content\/uploads\/2025\/08\/1_1.webp\",\"datePublished\":\"2025-08-29T21:51:38+00:00\",\"dateModified\":\"2025-09-26T15:55:19+00:00\",\"breadcrumb\":{\"@id\":\"https:\/\/ceneg.com.mx\/producto\/producto\/#breadcrumb\"},\"inLanguage\":\"en-US\",\"potentialAction\":[{\"@type\":\"ReadAction\",\"target\":[\"https:\/\/ceneg.com.mx\/producto\/producto\/\"]}]},{\"@type\":\"ImageObject\",\"inLanguage\":\"en-US\",\"@id\":\"https:\/\/ceneg.com.mx\/producto\/producto\/#primaryimage\",\"url\":\"https:\/\/ceneg.com.mx\/wp-content\/uploads\/2025\/08\/1_1.webp\",\"contentUrl\":\"https:\/\/ceneg.com.mx\/wp-content\/uploads\/2025\/08\/1_1.webp\",\"width\":550,\"height\":550},{\"@type\":\"BreadcrumbList\",\"@id\":\"https:\/\/ceneg.com.mx\/producto\/producto\/#breadcrumb\",\"itemListElement\":[{\"@type\":\"ListItem\",\"position\":1,\"name\":\"Portada\",\"item\":\"https:\/\/ceneg.com.mx\/\"},{\"@type\":\"ListItem\",\"position\":2,\"name\":\"Tienda\",\"item\":\"https:\/\/ceneg.com.mx\/tienda\/\"},{\"@type\":\"ListItem\",\"position\":3,\"name\":\"Micronebulizador Misty Max 10 En T Airlife Agua\"}]},{\"@type\":\"WebSite\",\"@id\":\"https:\/\/ceneg.com.mx\/#website\",\"url\":\"https:\/\/ceneg.com.mx\/\",\"name\":\"CENEG - Central de Enfermer\u00eda del Estado de Guanajuato\",\"description\":\"Somos una empresa dedicada a proporcionar servicios profesionales de atenci\u00f3n m\u00e9dica integral.\",\"publisher\":{\"@id\":\"https:\/\/ceneg.com.mx\/#organization\"},\"potentialAction\":[{\"@type\":\"SearchAction\",\"target\":{\"@type\":\"EntryPoint\",\"urlTemplate\":\"https:\/\/ceneg.com.mx\/?s={search_term_string}\"},\"query-input\":{\"@type\":\"PropertyValueSpecification\",\"valueRequired\":true,\"valueName\":\"search_term_string\"}}],\"inLanguage\":\"en-US\"},{\"@type\":\"Organization\",\"@id\":\"https:\/\/ceneg.com.mx\/#organization\",\"name\":\"CENEG - Central de Enfermer\u00eda del Estado de Guanajuato\",\"url\":\"https:\/\/ceneg.com.mx\/\",\"logo\":{\"@type\":\"ImageObject\",\"inLanguage\":\"en-US\",\"@id\":\"https:\/\/ceneg.com.mx\/#\/schema\/logo\/image\/\",\"url\":\"https:\/\/ceneg.com.mx\/wp-content\/uploads\/2025\/08\/logo-c.svg\",\"contentUrl\":\"https:\/\/ceneg.com.mx\/wp-content\/uploads\/2025\/08\/logo-c.svg\",\"width\":200,\"height\":70,\"caption\":\"CENEG - Central de Enfermer\u00eda del Estado de Guanajuato\"},\"image\":{\"@id\":\"https:\/\/ceneg.com.mx\/#\/schema\/logo\/image\/\"},\"sameAs\":[\"https:\/\/www.facebook.com\/central.enfermeria.estado.guanajuato?rdid=wN1odlC6Rv6M6tlX&share_url=httpswww.facebook.comshare1C84FDGgqG#\",\"https:\/\/www.instagram.com\/ceneg_2014\"]}]}<\/script>\n<!-- \/ Yoast SEO plugin. -->","yoast_head_json":{"title":"Micronebulizador Misty Max 10 En T Airlife Agua - CENEG - Central de Enfermer\u00eda del Estado de Guanajuato","robots":{"index":"index","follow":"follow","max-snippet":"max-snippet:-1","max-image-preview":"max-image-preview:large","max-video-preview":"max-video-preview:-1"},"canonical":"https:\/\/ceneg.com.mx\/en\/product\/producto\/","og_locale":"en_US","og_type":"article","og_title":"Micronebulizador Misty Max 10 En T Airlife Agua - CENEG - Central de Enfermer\u00eda del Estado de Guanajuato","og_description":"Caracter\u00edsticas generales  Capacidad de nebulizaci\u00f3n: 10 ml. Marca: AirLife. Modelo: 002435. Color: Agua.  Registros de producto  N\u00famero de registro del producto COFEPRIS: 2658C2012 SSA.  Especificaciones  Capacidad de nebulizaci\u00f3n: 10 ml. Tasa de nebulizaci\u00f3n: 1.25 ml\/min.  Otros  Accesorios incluidos: Tubo de ox\u00edgeno 2.1 m, Boquilla, Adaptador en \"T\", Tubo corrugado flexible de 15 cm, Jet (Difusor de medicamento).  Registros de establecimiento  N\u00famero de aviso de funcionamiento: 2209095006B00006.  El Micronebulizador Misty Max 10 en \"T\" de Airlife es la soluci\u00f3n ideal para quienes buscan un tratamiento respiratorio eficaz y c\u00f3modo. Con una capacidad de nebulizaci\u00f3n de 10 mL y una tasa de nebulizaci\u00f3n de 1.25 mL\/min, este dispositivo garantiza una administraci\u00f3n precisa de medicamentos, facilitando la recuperaci\u00f3n y el bienestar respiratorio.  Dise\u00f1ado para ofrecer una experiencia silenciosa, el Misty Max 10 permite realizar tratamientos en cualquier momento y lugar sin molestias. Su dise\u00f1o compacto y ligero lo hace f\u00e1cil de transportar, ideal para el uso diario en casa o durante viajes.  El nebulizador incluye un tubo de ox\u00edgeno de 2.1 m, boquilla, adaptador en \"T\", tubo corrugado flexible de 15 cm y un jet (difusor de medicamento), asegurando que tengas todo lo necesario para un tratamiento efectivo. Con este equipo, cuidar de tu salud respiratoria nunca ha sido tan sencillo y accesible.  Sin garant\u00eda","og_url":"https:\/\/ceneg.com.mx\/en\/product\/producto\/","og_site_name":"CENEG - Central de Enfermer\u00eda del Estado de Guanajuato","article_publisher":"https:\/\/www.facebook.com\/central.enfermeria.estado.guanajuato?rdid=wN1odlC6Rv6M6tlX&share_url=httpswww.facebook.comshare1C84FDGgqG#","article_modified_time":"2025-09-26T15:55:19+00:00","og_image":[{"width":550,"height":550,"url":"https:\/\/ceneg.com.mx\/wp-content\/uploads\/2025\/08\/1_1.webp","type":"image\/webp"}],"twitter_card":"summary_large_image","schema":{"@context":"https:\/\/schema.org","@graph":[{"@type":"WebPage","@id":"https:\/\/ceneg.com.mx\/producto\/producto\/","url":"https:\/\/ceneg.com.mx\/producto\/producto\/","name":"Micronebulizador Misty Max 10 En T Airlife Agua - CENEG - Central de Enfermer\u00eda del Estado de Guanajuato","isPartOf":{"@id":"https:\/\/ceneg.com.mx\/#website"},"primaryImageOfPage":{"@id":"https:\/\/ceneg.com.mx\/producto\/producto\/#primaryimage"},"image":{"@id":"https:\/\/ceneg.com.mx\/producto\/producto\/#primaryimage"},"thumbnailUrl":"https:\/\/ceneg.com.mx\/wp-content\/uploads\/2025\/08\/1_1.webp","datePublished":"2025-08-29T21:51:38+00:00","dateModified":"2025-09-26T15:55:19+00:00","breadcrumb":{"@id":"https:\/\/ceneg.com.mx\/producto\/producto\/#breadcrumb"},"inLanguage":"en-US","potentialAction":[{"@type":"ReadAction","target":["https:\/\/ceneg.com.mx\/producto\/producto\/"]}]},{"@type":"ImageObject","inLanguage":"en-US","@id":"https:\/\/ceneg.com.mx\/producto\/producto\/#primaryimage","url":"https:\/\/ceneg.com.mx\/wp-content\/uploads\/2025\/08\/1_1.webp","contentUrl":"https:\/\/ceneg.com.mx\/wp-content\/uploads\/2025\/08\/1_1.webp","width":550,"height":550},{"@type":"BreadcrumbList","@id":"https:\/\/ceneg.com.mx\/producto\/producto\/#breadcrumb","itemListElement":[{"@type":"ListItem","position":1,"name":"Portada","item":"https:\/\/ceneg.com.mx\/"},{"@type":"ListItem","position":2,"name":"Tienda","item":"https:\/\/ceneg.com.mx\/tienda\/"},{"@type":"ListItem","position":3,"name":"Micronebulizador Misty Max 10 En T Airlife Agua"}]},{"@type":"WebSite","@id":"https:\/\/ceneg.com.mx\/#website","url":"https:\/\/ceneg.com.mx\/","name":"CENEG \u2013 Guanajuato State Nursing Center","description":"Somos una empresa dedicada a proporcionar servicios profesionales de atenci\u00f3n m\u00e9dica integral.","publisher":{"@id":"https:\/\/ceneg.com.mx\/#organization"},"potentialAction":[{"@type":"SearchAction","target":{"@type":"EntryPoint","urlTemplate":"https:\/\/ceneg.com.mx\/?s={search_term_string}"},"query-input":{"@type":"PropertyValueSpecification","valueRequired":true,"valueName":"search_term_string"}}],"inLanguage":"en-US"},{"@type":"Organization","@id":"https:\/\/ceneg.com.mx\/#organization","name":"CENEG \u2013 Guanajuato State Nursing Center","url":"https:\/\/ceneg.com.mx\/","logo":{"@type":"ImageObject","inLanguage":"en-US","@id":"https:\/\/ceneg.com.mx\/#\/schema\/logo\/image\/","url":"https:\/\/ceneg.com.mx\/wp-content\/uploads\/2025\/08\/logo-c.svg","contentUrl":"https:\/\/ceneg.com.mx\/wp-content\/uploads\/2025\/08\/logo-c.svg","width":200,"height":70,"caption":"CENEG - Central de Enfermer\u00eda del Estado de Guanajuato"},"image":{"@id":"https:\/\/ceneg.com.mx\/#\/schema\/logo\/image\/"},"sameAs":["https:\/\/www.facebook.com\/central.enfermeria.estado.guanajuato?rdid=wN1odlC6Rv6M6tlX&share_url=httpswww.facebook.comshare1C84FDGgqG#","https:\/\/www.instagram.com\/ceneg_2014"]}]}},"_links":{"self":[{"href":"https:\/\/ceneg.com.mx\/en\/wp-json\/wp\/v2\/product\/10234","targetHints":{"allow":["GET"]}}],"collection":[{"href":"https:\/\/ceneg.com.mx\/en\/wp-json\/wp\/v2\/product"}],"about":[{"href":"https:\/\/ceneg.com.mx\/en\/wp-json\/wp\/v2\/types\/product"}],"replies":[{"embeddable":true,"href":"https:\/\/ceneg.com.mx\/en\/wp-json\/wp\/v2\/comments?post=10234"}],"wp:featuredmedia":[{"embeddable":true,"href":"https:\/\/ceneg.com.mx\/en\/wp-json\/wp\/v2\/media\/12347"}],"wp:attachment":[{"href":"https:\/\/ceneg.com.mx\/en\/wp-json\/wp\/v2\/media?parent=10234"}],"wp:term":[{"taxonomy":"product_brand","embeddable":true,"href":"https:\/\/ceneg.com.mx\/en\/wp-json\/wp\/v2\/product_brand?post=10234"},{"taxonomy":"product_cat","embeddable":true,"href":"https:\/\/ceneg.com.mx\/en\/wp-json\/wp\/v2\/product_cat?post=10234"},{"taxonomy":"product_tag","embeddable":true,"href":"https:\/\/ceneg.com.mx\/en\/wp-json\/wp\/v2\/product_tag?post=10234"}],"curies":[{"name":"wp","href":"https:\/\/api.w.org\/{rel}","templated":true}]}}