{"id":10236,"date":"2025-08-29T21:54:49","date_gmt":"2025-08-29T21:54:49","guid":{"rendered":"https:\/\/ceneg.com.mx\/?post_type=product&#038;p=10236"},"modified":"2025-09-26T17:49:24","modified_gmt":"2025-09-26T17:49:24","slug":"producto-dos","status":"publish","type":"product","link":"https:\/\/ceneg.com.mx\/en\/product\/producto-dos\/","title":{"rendered":"Salter Labs Bubble Humidifier - 50 Units per Box"},"content":{"rendered":"","protected":false},"excerpt":{"rendered":"<p><strong style=\"font-size:22px;\">Specifications<\/strong><\/p>\n<p><strong>Brand:<\/strong> Salter Labs.<br \/>\n<strong>Model:<\/strong> 7600-0-50.<br \/>\n<strong>Difusor:<\/strong> 360\u00b0 Rectangular.<br \/>\n<strong>Capacity:<\/strong> 350 CC.<br \/>\n<strong>Alarm:<\/strong> 6 PSI.<br \/>\n<strong>Latex:<\/strong> Latex-Free<br \/>\n<strong>Quantity:<\/strong> 50 Pieces.<\/p>\n<p><strong style=\"font-size:22px;\">Product specifications<\/strong><\/p>\n<p><strong>Brand:<\/strong> Salter Labs.<br \/>\n<strong>Product line:<\/strong> humidifier.<br \/>\n<strong>Model:<\/strong> 7600-0-50.<br \/>\n<strong>Product type<\/strong> Humidifier.<\/p>\n<p><strong style=\"font-size:22px;\">Others<\/strong><\/p>\n<p><strong>Vapor temperature:<\/strong> Ambient.<br \/>\n<strong>With Aroma Diffuser:<\/strong> No.<br \/>\n<strong>With Auto Shut-Off:<\/strong> No.<br \/>\n<strong>With Night Light Function:<\/strong> No.<br \/>\n<strong>With Quiet Operation:<\/strong> No.<br \/>\n<strong>With Removable Filter:<\/strong> No.<br \/>\n<strong>With Low Water Indicator:<\/strong> No.<br \/>\n<strong>Antibacterial:<\/strong> No.<\/p>\n<p><strong style=\"font-size:22px;\">What you get<\/strong><\/p>\n<p>Box with 50 humidifier units. <\/p>\n<p>Salter labs bubble humidifier \u2013 50-unit case, to treat respiratory diseases effectively, it is essential to have medical devices that perform according to each patient's specific needs. This humidifier is designed to work seamlessly with all oxygen sources, including concentrators, liquid oxygen systems, and cylinders.<\/p>","protected":false},"featured_media":12357,"comment_status":"open","ping_status":"closed","template":"","meta":{"_joinchat":[]},"product_brand":[],"product_cat":[38],"product_tag":[],"class_list":{"0":"post-10236","1":"product","2":"type-product","3":"status-publish","4":"has-post-thumbnail","6":"product_cat-sin-categorizar","8":"first","9":"instock","10":"shipping-taxable","11":"purchasable","12":"product-type-simple"},"yoast_head":"<!-- This site is optimized with the Yoast SEO plugin v27.2 - https:\/\/yoast.com\/product\/yoast-seo-wordpress\/ -->\n<title>Vaso Humidificador- Borboteador 50 Pc Salter Labs X Caja - CENEG - Central de Enfermer\u00eda del Estado de Guanajuato<\/title>\n<meta name=\"robots\" content=\"index, follow, max-snippet:-1, max-image-preview:large, max-video-preview:-1\" \/>\n<link rel=\"canonical\" href=\"https:\/\/ceneg.com.mx\/en\/product\/producto-dos\/\" \/>\n<meta property=\"og:locale\" content=\"en_US\" \/>\n<meta property=\"og:type\" content=\"article\" \/>\n<meta property=\"og:title\" content=\"Vaso Humidificador- Borboteador 50 Pc Salter Labs X Caja - CENEG - Central de Enfermer\u00eda del Estado de Guanajuato\" \/>\n<meta property=\"og:description\" content=\"Especificaciones  Marca: Salter Labs. Modelo: 7600-0-50. Difusor: Rectangular 360\u00b0. Capacidad: 350 CC. Alarma: 6 PSI. Latex: Libre de latex. Cantidad: 50 Piezas.  Caracter\u00edsticas principales  Marca: Salter Labs. L\u00ednea: humificador. Modelo: 7600-0-50. Tipo de producto: Humidificador.  Otros  Temperatura del Vapor: Ambiente. Con Difusor Arom\u00e1tico: No. Con Apagado Autom\u00e1tico: No. Con Funci\u00f3n de Luz Nocturna: No. Con Funcionamiento Silencioso: No. Con Filtro Removible: No. Con Indicador de Poca Agua: No. Es Antibacteriana: No.  Lo que Obtienes  Caja con 50 vasos humidificadores.   Vaso humidificador-borboteador 50Pc Salter Labs, para tratar enfermedades del sistema respiratorio de la manera correcta, es indispensable contar con dispositivos m\u00e9dicos que funcionen acorde a las necesidades del paciente. Este humidificador funciona correctamente con toda clase de fuentes de ox\u00edgeno como concentradores, l\u00edquidos, tanques, etc.\" \/>\n<meta property=\"og:url\" content=\"https:\/\/ceneg.com.mx\/en\/product\/producto-dos\/\" \/>\n<meta property=\"og:site_name\" content=\"CENEG - Central de Enfermer\u00eda del Estado de Guanajuato\" \/>\n<meta property=\"article:publisher\" content=\"https:\/\/www.facebook.com\/central.enfermeria.estado.guanajuato?rdid=wN1odlC6Rv6M6tlX&amp;share_url=httpswww.facebook.comshare1C84FDGgqG#\" \/>\n<meta property=\"article:modified_time\" content=\"2025-09-26T17:49:24+00:00\" \/>\n<meta property=\"og:image\" content=\"https:\/\/ceneg.com.mx\/wp-content\/uploads\/2025\/08\/3_1.webp\" \/>\n\t<meta property=\"og:image:width\" content=\"550\" \/>\n\t<meta property=\"og:image:height\" content=\"550\" \/>\n\t<meta property=\"og:image:type\" content=\"image\/webp\" \/>\n<meta name=\"twitter:card\" content=\"summary_large_image\" \/>\n<script type=\"application\/ld+json\" class=\"yoast-schema-graph\">{\"@context\":\"https:\/\/schema.org\",\"@graph\":[{\"@type\":\"WebPage\",\"@id\":\"https:\/\/ceneg.com.mx\/producto\/producto-dos\/\",\"url\":\"https:\/\/ceneg.com.mx\/producto\/producto-dos\/\",\"name\":\"Vaso Humidificador- Borboteador 50 Pc Salter Labs X Caja - CENEG - Central de Enfermer\u00eda del Estado de Guanajuato\",\"isPartOf\":{\"@id\":\"https:\/\/ceneg.com.mx\/#website\"},\"primaryImageOfPage\":{\"@id\":\"https:\/\/ceneg.com.mx\/producto\/producto-dos\/#primaryimage\"},\"image\":{\"@id\":\"https:\/\/ceneg.com.mx\/producto\/producto-dos\/#primaryimage\"},\"thumbnailUrl\":\"https:\/\/ceneg.com.mx\/wp-content\/uploads\/2025\/08\/3_1.webp\",\"datePublished\":\"2025-08-29T21:54:49+00:00\",\"dateModified\":\"2025-09-26T17:49:24+00:00\",\"breadcrumb\":{\"@id\":\"https:\/\/ceneg.com.mx\/producto\/producto-dos\/#breadcrumb\"},\"inLanguage\":\"en-US\",\"potentialAction\":[{\"@type\":\"ReadAction\",\"target\":[\"https:\/\/ceneg.com.mx\/producto\/producto-dos\/\"]}]},{\"@type\":\"ImageObject\",\"inLanguage\":\"en-US\",\"@id\":\"https:\/\/ceneg.com.mx\/producto\/producto-dos\/#primaryimage\",\"url\":\"https:\/\/ceneg.com.mx\/wp-content\/uploads\/2025\/08\/3_1.webp\",\"contentUrl\":\"https:\/\/ceneg.com.mx\/wp-content\/uploads\/2025\/08\/3_1.webp\",\"width\":550,\"height\":550},{\"@type\":\"BreadcrumbList\",\"@id\":\"https:\/\/ceneg.com.mx\/producto\/producto-dos\/#breadcrumb\",\"itemListElement\":[{\"@type\":\"ListItem\",\"position\":1,\"name\":\"Portada\",\"item\":\"https:\/\/ceneg.com.mx\/\"},{\"@type\":\"ListItem\",\"position\":2,\"name\":\"Tienda\",\"item\":\"https:\/\/ceneg.com.mx\/tienda\/\"},{\"@type\":\"ListItem\",\"position\":3,\"name\":\"Vaso Humidificador- Borboteador 50 Pc Salter Labs X Caja\"}]},{\"@type\":\"WebSite\",\"@id\":\"https:\/\/ceneg.com.mx\/#website\",\"url\":\"https:\/\/ceneg.com.mx\/\",\"name\":\"CENEG - Central de Enfermer\u00eda del Estado de Guanajuato\",\"description\":\"Somos una empresa dedicada a proporcionar servicios profesionales de atenci\u00f3n m\u00e9dica integral.\",\"publisher\":{\"@id\":\"https:\/\/ceneg.com.mx\/#organization\"},\"potentialAction\":[{\"@type\":\"SearchAction\",\"target\":{\"@type\":\"EntryPoint\",\"urlTemplate\":\"https:\/\/ceneg.com.mx\/?s={search_term_string}\"},\"query-input\":{\"@type\":\"PropertyValueSpecification\",\"valueRequired\":true,\"valueName\":\"search_term_string\"}}],\"inLanguage\":\"en-US\"},{\"@type\":\"Organization\",\"@id\":\"https:\/\/ceneg.com.mx\/#organization\",\"name\":\"CENEG - Central de Enfermer\u00eda del Estado de Guanajuato\",\"url\":\"https:\/\/ceneg.com.mx\/\",\"logo\":{\"@type\":\"ImageObject\",\"inLanguage\":\"en-US\",\"@id\":\"https:\/\/ceneg.com.mx\/#\/schema\/logo\/image\/\",\"url\":\"https:\/\/ceneg.com.mx\/wp-content\/uploads\/2025\/08\/logo-c.svg\",\"contentUrl\":\"https:\/\/ceneg.com.mx\/wp-content\/uploads\/2025\/08\/logo-c.svg\",\"width\":200,\"height\":70,\"caption\":\"CENEG - Central de Enfermer\u00eda del Estado de Guanajuato\"},\"image\":{\"@id\":\"https:\/\/ceneg.com.mx\/#\/schema\/logo\/image\/\"},\"sameAs\":[\"https:\/\/www.facebook.com\/central.enfermeria.estado.guanajuato?rdid=wN1odlC6Rv6M6tlX&share_url=httpswww.facebook.comshare1C84FDGgqG#\",\"https:\/\/www.instagram.com\/ceneg_2014\"]}]}<\/script>\n<!-- \/ Yoast SEO plugin. -->","yoast_head_json":{"title":"Vaso Humidificador- Borboteador 50 Pc Salter Labs X Caja - CENEG - Central de Enfermer\u00eda del Estado de Guanajuato","robots":{"index":"index","follow":"follow","max-snippet":"max-snippet:-1","max-image-preview":"max-image-preview:large","max-video-preview":"max-video-preview:-1"},"canonical":"https:\/\/ceneg.com.mx\/en\/product\/producto-dos\/","og_locale":"en_US","og_type":"article","og_title":"Vaso Humidificador- Borboteador 50 Pc Salter Labs X Caja - CENEG - Central de Enfermer\u00eda del Estado de Guanajuato","og_description":"Especificaciones  Marca: Salter Labs. Modelo: 7600-0-50. Difusor: Rectangular 360\u00b0. Capacidad: 350 CC. Alarma: 6 PSI. Latex: Libre de latex. Cantidad: 50 Piezas.  Caracter\u00edsticas principales  Marca: Salter Labs. L\u00ednea: humificador. Modelo: 7600-0-50. Tipo de producto: Humidificador.  Otros  Temperatura del Vapor: Ambiente. Con Difusor Arom\u00e1tico: No. Con Apagado Autom\u00e1tico: No. Con Funci\u00f3n de Luz Nocturna: No. Con Funcionamiento Silencioso: No. Con Filtro Removible: No. Con Indicador de Poca Agua: No. Es Antibacteriana: No.  Lo que Obtienes  Caja con 50 vasos humidificadores.   Vaso humidificador-borboteador 50Pc Salter Labs, para tratar enfermedades del sistema respiratorio de la manera correcta, es indispensable contar con dispositivos m\u00e9dicos que funcionen acorde a las necesidades del paciente. Este humidificador funciona correctamente con toda clase de fuentes de ox\u00edgeno como concentradores, l\u00edquidos, tanques, etc.","og_url":"https:\/\/ceneg.com.mx\/en\/product\/producto-dos\/","og_site_name":"CENEG - Central de Enfermer\u00eda del Estado de Guanajuato","article_publisher":"https:\/\/www.facebook.com\/central.enfermeria.estado.guanajuato?rdid=wN1odlC6Rv6M6tlX&share_url=httpswww.facebook.comshare1C84FDGgqG#","article_modified_time":"2025-09-26T17:49:24+00:00","og_image":[{"width":550,"height":550,"url":"https:\/\/ceneg.com.mx\/wp-content\/uploads\/2025\/08\/3_1.webp","type":"image\/webp"}],"twitter_card":"summary_large_image","schema":{"@context":"https:\/\/schema.org","@graph":[{"@type":"WebPage","@id":"https:\/\/ceneg.com.mx\/producto\/producto-dos\/","url":"https:\/\/ceneg.com.mx\/producto\/producto-dos\/","name":"Vaso Humidificador- Borboteador 50 Pc Salter Labs X Caja - CENEG - Central de Enfermer\u00eda del Estado de Guanajuato","isPartOf":{"@id":"https:\/\/ceneg.com.mx\/#website"},"primaryImageOfPage":{"@id":"https:\/\/ceneg.com.mx\/producto\/producto-dos\/#primaryimage"},"image":{"@id":"https:\/\/ceneg.com.mx\/producto\/producto-dos\/#primaryimage"},"thumbnailUrl":"https:\/\/ceneg.com.mx\/wp-content\/uploads\/2025\/08\/3_1.webp","datePublished":"2025-08-29T21:54:49+00:00","dateModified":"2025-09-26T17:49:24+00:00","breadcrumb":{"@id":"https:\/\/ceneg.com.mx\/producto\/producto-dos\/#breadcrumb"},"inLanguage":"en-US","potentialAction":[{"@type":"ReadAction","target":["https:\/\/ceneg.com.mx\/producto\/producto-dos\/"]}]},{"@type":"ImageObject","inLanguage":"en-US","@id":"https:\/\/ceneg.com.mx\/producto\/producto-dos\/#primaryimage","url":"https:\/\/ceneg.com.mx\/wp-content\/uploads\/2025\/08\/3_1.webp","contentUrl":"https:\/\/ceneg.com.mx\/wp-content\/uploads\/2025\/08\/3_1.webp","width":550,"height":550},{"@type":"BreadcrumbList","@id":"https:\/\/ceneg.com.mx\/producto\/producto-dos\/#breadcrumb","itemListElement":[{"@type":"ListItem","position":1,"name":"Portada","item":"https:\/\/ceneg.com.mx\/"},{"@type":"ListItem","position":2,"name":"Tienda","item":"https:\/\/ceneg.com.mx\/tienda\/"},{"@type":"ListItem","position":3,"name":"Vaso Humidificador- Borboteador 50 Pc Salter Labs X Caja"}]},{"@type":"WebSite","@id":"https:\/\/ceneg.com.mx\/#website","url":"https:\/\/ceneg.com.mx\/","name":"CENEG \u2013 Guanajuato State Nursing Center","description":"Somos una empresa dedicada a proporcionar servicios profesionales de atenci\u00f3n m\u00e9dica integral.","publisher":{"@id":"https:\/\/ceneg.com.mx\/#organization"},"potentialAction":[{"@type":"SearchAction","target":{"@type":"EntryPoint","urlTemplate":"https:\/\/ceneg.com.mx\/?s={search_term_string}"},"query-input":{"@type":"PropertyValueSpecification","valueRequired":true,"valueName":"search_term_string"}}],"inLanguage":"en-US"},{"@type":"Organization","@id":"https:\/\/ceneg.com.mx\/#organization","name":"CENEG \u2013 Guanajuato State Nursing Center","url":"https:\/\/ceneg.com.mx\/","logo":{"@type":"ImageObject","inLanguage":"en-US","@id":"https:\/\/ceneg.com.mx\/#\/schema\/logo\/image\/","url":"https:\/\/ceneg.com.mx\/wp-content\/uploads\/2025\/08\/logo-c.svg","contentUrl":"https:\/\/ceneg.com.mx\/wp-content\/uploads\/2025\/08\/logo-c.svg","width":200,"height":70,"caption":"CENEG - Central de Enfermer\u00eda del Estado de Guanajuato"},"image":{"@id":"https:\/\/ceneg.com.mx\/#\/schema\/logo\/image\/"},"sameAs":["https:\/\/www.facebook.com\/central.enfermeria.estado.guanajuato?rdid=wN1odlC6Rv6M6tlX&share_url=httpswww.facebook.comshare1C84FDGgqG#","https:\/\/www.instagram.com\/ceneg_2014"]}]}},"_links":{"self":[{"href":"https:\/\/ceneg.com.mx\/en\/wp-json\/wp\/v2\/product\/10236","targetHints":{"allow":["GET"]}}],"collection":[{"href":"https:\/\/ceneg.com.mx\/en\/wp-json\/wp\/v2\/product"}],"about":[{"href":"https:\/\/ceneg.com.mx\/en\/wp-json\/wp\/v2\/types\/product"}],"replies":[{"embeddable":true,"href":"https:\/\/ceneg.com.mx\/en\/wp-json\/wp\/v2\/comments?post=10236"}],"wp:featuredmedia":[{"embeddable":true,"href":"https:\/\/ceneg.com.mx\/en\/wp-json\/wp\/v2\/media\/12357"}],"wp:attachment":[{"href":"https:\/\/ceneg.com.mx\/en\/wp-json\/wp\/v2\/media?parent=10236"}],"wp:term":[{"taxonomy":"product_brand","embeddable":true,"href":"https:\/\/ceneg.com.mx\/en\/wp-json\/wp\/v2\/product_brand?post=10236"},{"taxonomy":"product_cat","embeddable":true,"href":"https:\/\/ceneg.com.mx\/en\/wp-json\/wp\/v2\/product_cat?post=10236"},{"taxonomy":"product_tag","embeddable":true,"href":"https:\/\/ceneg.com.mx\/en\/wp-json\/wp\/v2\/product_tag?post=10236"}],"curies":[{"name":"wp","href":"https:\/\/api.w.org\/{rel}","templated":true}]}}